{"id":2,"date":"2025-03-01T20:38:47","date_gmt":"2025-03-01T20:38:47","guid":{"rendered":"https:\/\/hal-cleaning.com\/?page_id=2"},"modified":"2025-03-30T00:50:49","modified_gmt":"2025-03-30T00:50:49","slug":"inicio","status":"publish","type":"page","link":"https:\/\/hal-cleaning.com\/","title":{"rendered":"INICIO"},"content":{"rendered":"\r\n<p><img loading=\"lazy\" decoding=\"async\" class=\"size-medium wp-image-40 alignleft\" src=\"https:\/\/hal-cleaning.com\/wp-content\/uploads\/2025\/03\/cropped-REPSE-300x116.webp\" alt=\"\" width=\"300\" height=\"116\" srcset=\"https:\/\/hal-cleaning.com\/wp-content\/uploads\/2025\/03\/cropped-REPSE-300x116.webp 300w, https:\/\/hal-cleaning.com\/wp-content\/uploads\/2025\/03\/cropped-REPSE-1024x397.webp 1024w, https:\/\/hal-cleaning.com\/wp-content\/uploads\/2025\/03\/cropped-REPSE-768x298.webp 768w, https:\/\/hal-cleaning.com\/wp-content\/uploads\/2025\/03\/cropped-REPSE-1536x596.webp 1536w, https:\/\/hal-cleaning.com\/wp-content\/uploads\/2025\/03\/cropped-REPSE.webp 2000w\" sizes=\"auto, (max-width: 300px) 100vw, 300px\" \/> <img loading=\"lazy\" decoding=\"async\" class=\"wp-image-38  alignright\" src=\"https:\/\/hal-cleaning.com\/wp-content\/uploads\/2025\/03\/image-14-e1741438908932-300x251.png\" alt=\"\" width=\"174\" height=\"145\" srcset=\"https:\/\/hal-cleaning.com\/wp-content\/uploads\/2025\/03\/image-14-e1741438908932-300x251.png 300w, https:\/\/hal-cleaning.com\/wp-content\/uploads\/2025\/03\/image-14-e1741438908932-1024x855.png 1024w, https:\/\/hal-cleaning.com\/wp-content\/uploads\/2025\/03\/image-14-e1741438908932-768x642.png 768w, https:\/\/hal-cleaning.com\/wp-content\/uploads\/2025\/03\/image-14-e1741438908932.png 1118w\" sizes=\"auto, (max-width: 174px) 100vw, 174px\" \/><\/p>\r\n<p>&nbsp;<\/p>\r\n<p>&nbsp;<\/p>\r\n<p>&nbsp;<\/p>\r\n<p>&nbsp;<\/p>\r\n<p>QUIENES SOMOS<\/p>\r\n<p>Somos una empresa 100% mexicana, fundada en el a\u00f1o 2010 en la ciudad de Orizaba, Veracruz, con el firme prop\u00f3sito de satisfacer las necesidades de limpieza del sector industrial, comercial e institucional. Desde nuestros inicios, nos hemos comprometido a ofrecer soluciones integrales, innovadoras y sostenibles que garanticen espacios limpios, seguros y saludables para nuestros clientes.<\/p>\r\n<p>Con m\u00e1s de una d\u00e9cada de experiencia en el mercado, destacamos por nuestra dedicaci\u00f3n a la calidad, el servicio personalizado y el uso de tecnolog\u00edas avanzadas. Nuestro equipo est\u00e1 conformado por profesionales capacitados que trabajan con pasi\u00f3n y compromiso, buscando siempre superar las expectativas de quienes conf\u00edan en nosotros.<\/p>\r\n<p>Nos enorgullece ser aliados estrat\u00e9gicos de empresas e instituciones que comparten nuestra visi\u00f3n de excelencia y cuidado del entorno, brindando productos y servicios de limpieza que cumplen con los m\u00e1s altos est\u00e1ndares.<\/p>\r\n","protected":false},"excerpt":{"rendered":"<p>&nbsp; &nbsp; &nbsp; &nbsp; QUIENES SOMOS Somos una empresa 100% mexicana, fundada en el a\u00f1o 2010 en la ciudad de Orizaba, Veracruz, con el firme prop\u00f3sito de satisfacer las necesidades de limpieza del sector industrial, comercial e institucional. Desde nuestros inicios, nos hemos comprometido a ofrecer soluciones integrales, innovadoras y sostenibles que garanticen espacios limpios, &hellip; <\/p>\n<p class=\"link-more\"><a href=\"https:\/\/hal-cleaning.com\/\" class=\"more-link\">Continuar leyendo<span class=\"screen-reader-text\"> \u00abINICIO\u00bb<\/span><\/a><\/p>\n","protected":false},"author":1,"featured_media":65,"parent":0,"menu_order":0,"comment_status":"closed","ping_status":"closed","template":"","meta":{"_joinchat":[],"footnotes":""},"class_list":["post-2","page","type-page","status-publish","has-post-thumbnail","hentry"],"_links":{"self":[{"href":"https:\/\/hal-cleaning.com\/index.php\/wp-json\/wp\/v2\/pages\/2","targetHints":{"allow":["GET"]}}],"collection":[{"href":"https:\/\/hal-cleaning.com\/index.php\/wp-json\/wp\/v2\/pages"}],"about":[{"href":"https:\/\/hal-cleaning.com\/index.php\/wp-json\/wp\/v2\/types\/page"}],"author":[{"embeddable":true,"href":"https:\/\/hal-cleaning.com\/index.php\/wp-json\/wp\/v2\/users\/1"}],"replies":[{"embeddable":true,"href":"https:\/\/hal-cleaning.com\/index.php\/wp-json\/wp\/v2\/comments?post=2"}],"version-history":[{"count":7,"href":"https:\/\/hal-cleaning.com\/index.php\/wp-json\/wp\/v2\/pages\/2\/revisions"}],"predecessor-version":[{"id":46,"href":"https:\/\/hal-cleaning.com\/index.php\/wp-json\/wp\/v2\/pages\/2\/revisions\/46"}],"wp:featuredmedia":[{"embeddable":true,"href":"https:\/\/hal-cleaning.com\/index.php\/wp-json\/wp\/v2\/media\/65"}],"wp:attachment":[{"href":"https:\/\/hal-cleaning.com\/index.php\/wp-json\/wp\/v2\/media?parent=2"}],"curies":[{"name":"wp","href":"https:\/\/api.w.org\/{rel}","templated":true}]}}